{"id":11706,"date":"2011-01-01T00:00:00","date_gmt":"2011-01-01T00:00:00","guid":{"rendered":"https:\/\/newsader.tedmob.com\/publications\/2289-png-2289-png\/"},"modified":"2011-01-01T00:00:00","modified_gmt":"2011-01-01T00:00:00","slug":"2289-png-2289-png","status":"publish","type":"product","link":"https:\/\/newsader.tedmob.com\/en\/publications\/2289-png-2289-png\/","title":{"rendered":"2289.png\/\/2289.png"},"content":{"rendered":"<p>Titre: LeDroit P\u00e9nal Libanais \u00e0 L\u2019Epreuve de la Cybercriminalit\u00e9<br \/>\nAuteur: Dr.HABHABMohamad<br \/>\nPr\u00e9face:Dr.Jamal Abdallah<br \/>\nNum\u00e9ro: 2289<br \/>\nISBN: 978-9953-66-200-8<br \/>\nPages: 398<br \/>\nDatede publication: 2011<br \/>\nPrix au public: 25$ou son \u00e9quivalent en livres libanaises<br \/>\nEditeur:Editions juridiques SADER.<br \/>\nImpression:Imprimerie SADER 1890 SARL.<br \/>\nDistribution:Librairie SADER Editeurs SARL.<br \/>\n&nbsp;&nbsp;&nbsp;&nbsp;&nbsp;&nbsp;&nbsp;&nbsp;&nbsp;&nbsp;&nbsp;&nbsp;&nbsp;&nbsp;&nbsp;&nbsp;&nbsp;&nbsp;&nbsp;&nbsp; (+9611488776) www.saderpublishers.com)<br \/>\nCatalogue:Droit P\u00e9nal \u2013 Droit de l\u2019informatique \u2013 Cybercriminalit\u00e9<\/p>\n<p>R\u00e9sum\u00e9:<\/p>\n<p>La dimension internationale du r\u00e9seau d\u2019internet et sa liaison au domaineimmat\u00e9riel ont cr\u00e9\u00e9, sans doute, une nouvelle forme de criminalit\u00e9 qui sedistingue totalement de la criminalit\u00e9 classique. Les caract\u00e8res immateriel etinternational ont constitue un environnement original, au niveau juridique ettechnique, dans lequel des comportements traditionnels d\u00e9j\u00e0 connus par le code p\u00e9nalsont soumis a une mutation et d\u2019autres se manifestent sous des aspectstotalement nouveaux et m\u00e9connus.<br \/>\n&nbsp;<br \/>\nDes lors, ces deux types d\u2019acte constituent des menaces et suscitent desinqui\u00e9tudes aussi bien pour la s\u00e9curit\u00e9 et les droits des personnes que pour leurs patrimoines. Malheureusement, ces comportements illicites n\u2019ont pas fait r\u00e9agir le l\u00e9gislateur libanais pour essayer de r\u00e9server une strat\u00e9gie r\u00e9pressive d\u00e9velopp\u00e9e face \u00e0 ce ph\u00e9nom\u00e8ne extr\u00eamement moderne. Ce constat nous conduit \u00e0 r\u00e9fl\u00e9chir s\u00e9rieusement \u00e0 l\u2019avenir de la protection p\u00e9nale en droit libanais. Cette protection n\u00e9cessite une tache qui appelle donc, tout particuli\u00e8rement une approche globale ayant deux dimensions&nbsp;: Nationale et internationale. Une dimension nationale dans laquelle toutes les parties concern\u00e9es devraient jouer un r\u00f4ledans la r\u00e9pression&nbsp;: l\u00e9gislateur, juges, acteurs prives, internautes. Une dimension internationale dans laquelle une coop\u00e9ration devrait \u00eatre mise enplace entre l\u2019\u00e9tat libanais et&nbsp;les&nbsp;autres \u00e9tats.<br \/>\nCet ouvrage est pr\u00e9sent\u00e9 par Dr. Mohamad Habhab et qui fait partie de la collection professionnelle (CPRO) de SADER porte essentiellement sur les notions suivantes&nbsp;:<br \/>\nSur le plan m\u00e9thodologique, l\u2019auteur entreprend une d\u00e9marche dialectique, et pose le probl\u00e8me en introduisant un plan bipartite&nbsp;: il fait une sorte de \u00ab diagnostique&nbsp;\u00bb du probl\u00e8me endroit libanais afin de proposer les solutions en profitant de l\u2019exp\u00e9rience fran\u00e7aise.<br \/>\nDans cette perspective, la premi\u00e8re partie de cet ouvrage s\u2019introduit comme une approche visant \u00e0 r\u00e9v\u00e9ler l\u2019inad\u00e9quation\u00ab&nbsp;malheureuse&nbsp;\u00bb du syst\u00e8me r\u00e9pressif actuel pour \u00ab&nbsp;faireface&nbsp;\u00bb a la cyber criminalit\u00e9. Autrement dit, elle se pr\u00e9sente sous forme d\u2019une analyse critique du droit p\u00e9nal libanais visant a conclure que les textes traditionnels qui r\u00e9priment les infractions contre les biens ou les personnes se trouvent, en raison de l\u2019\u00e9volution technologiques, exclues du champ d\u2019application quand il s\u2019agit des crimes dont l\u2019Internet fait l\u2019objet ou le moyen.Ceci justifie donc une adoption d\u2019un nouveau syst\u00e8me r\u00e9pressif.<br \/>\n&nbsp;<\/p>\n<p>&nbsp;<\/p>\n<p>cialis dosage 20mg cialis dose under tongue cialis dosage body weightacheter viagra sans ordonnance en pharmacie acheter viagra sans ordonnance en pharmacie acheter viagra sans ordonnance en pharmacieviagra ersatz rezeptfrei http:\/\/viagrapillenkruidvat.com sildenafil 25 mgeffects of viagra on women cheap online viagra side effects of viagracialis trial coupon cialis coupons free cialis free coupondrug coupon card blog.nvcoin.com free discount prescription carddiscount drug coupon blog.suntekusa.com online cialis couponsmanufacturer coupons for prescription drugs coupon for prescription prescription coupon cardaerius go aerius dosierungkamagra super kamagra max kamagra \u00e1ravenlafaxine 37.5 mg venlafaxine bijsluiter venlafaxine bijsluiterniacinamid niacin calivita niacinviread 245 mg read viread 245 mg prixcordarone og alkohol celticcodingsolutions.com cordarone bolusaerius nebenwirkungen aerius dosierung aerius kaufenmotilium koupit neryx.com motilium diskuzeprednisolone dosage for dogs site prednisolone 5mg tablets for dogssildenafil citrate tablets cobra-120 click sildenafil citratechlorpromazine hoquet thebaileynews.com chlorpromazine vidalcialis cvs coupon go cialisrigevidon 30 rigevidon 63 rigevidon 52<\/p>\n","protected":false},"excerpt":{"rendered":"<p>Cet ouvrage est pr\u00e9sent\u00e9 par Dr. Mohamad Habhab et qui fait partie de la collection professionnelle (CPRO) de SADER porte essentiellement sur les notions<\/p>\n","protected":false},"featured_media":10532,"comment_status":"closed","ping_status":"closed","template":"","meta":{"_acf_changed":false},"product_brand":[],"product_cat":[219],"product_tag":[],"class_list":{"0":"post-11706","1":"product","2":"type-product","3":"status-publish","4":"has-post-thumbnail","6":"product_cat-219","8":"first","9":"instock","10":"shipping-taxable","11":"purchasable","12":"product-type-simple"},"acf":[],"_links":{"self":[{"href":"https:\/\/newsader.tedmob.com\/en\/wp-json\/wp\/v2\/product\/11706","targetHints":{"allow":["GET"]}}],"collection":[{"href":"https:\/\/newsader.tedmob.com\/en\/wp-json\/wp\/v2\/product"}],"about":[{"href":"https:\/\/newsader.tedmob.com\/en\/wp-json\/wp\/v2\/types\/product"}],"replies":[{"embeddable":true,"href":"https:\/\/newsader.tedmob.com\/en\/wp-json\/wp\/v2\/comments?post=11706"}],"wp:featuredmedia":[{"embeddable":true,"href":"https:\/\/newsader.tedmob.com\/en\/wp-json\/wp\/v2\/media\/10532"}],"wp:attachment":[{"href":"https:\/\/newsader.tedmob.com\/en\/wp-json\/wp\/v2\/media?parent=11706"}],"wp:term":[{"taxonomy":"product_brand","embeddable":true,"href":"https:\/\/newsader.tedmob.com\/en\/wp-json\/wp\/v2\/product_brand?post=11706"},{"taxonomy":"product_cat","embeddable":true,"href":"https:\/\/newsader.tedmob.com\/en\/wp-json\/wp\/v2\/product_cat?post=11706"},{"taxonomy":"product_tag","embeddable":true,"href":"https:\/\/newsader.tedmob.com\/en\/wp-json\/wp\/v2\/product_tag?post=11706"}],"curies":[{"name":"wp","href":"https:\/\/api.w.org\/{rel}","templated":true}]}}