{"id":11702,"date":"2011-01-01T00:00:00","date_gmt":"2011-01-01T00:00:00","guid":{"rendered":"https:\/\/newsader.tedmob.com\/publications\/2293b-png-2293-png\/"},"modified":"2011-01-01T00:00:00","modified_gmt":"2011-01-01T00:00:00","slug":"2293b-png-2293-png","status":"publish","type":"product","link":"https:\/\/newsader.tedmob.com\/en\/publications\/2293b-png-2293-png\/","title":{"rendered":"2293b.png\/\/2293.png"},"content":{"rendered":"<p>&nbsp; <\/p>\n<p>Titre: La Reinsertion en Question?<br \/>\n Auteur: Dr. Mona Sleiman Salamouny<br \/>\n Num\u00e9ro: 2293<br \/>\n ISBN: 978-9953-66-208-4<br \/>\n Pages: 368<br \/>\n Date de publication: 2011<br \/>\n Prix au public: 25$ ou son \u00e9quivalent en livres libanaises<br \/>\n Editeur: Editions juridiques SADER.<br \/>\n Impression: Imprimerie SADER 1890 SARL.<br \/>\n Distribution: Librairie SADER Editeurs SARL.<br \/>\n &nbsp; (+9611488776) www.saderpublishers.com)<br \/>\n Catalogue: Droit p\u00e9nal \u2013 Criminalit\u00e9 \u2013 Sanction.<\/p>\n<p>&nbsp;<\/p>\n<p>&nbsp;<br \/>\n R\u00e9sum\u00e9:<\/p>\n<p>&nbsp;<br \/>\n La prison est une peine en ce sens qu\u2019elle prive le d\u00e9linquant de sa dimension sociale. \u00ab&nbsp; L\u2019homme est un animal social, mais le v\u00e9ritable but c\u2019est de faire r\u00e9fl\u00e9chir le condamne a des peines privatives de libert\u00e9 en vue de le r\u00e9adapter a la vie sociale, a lui faire retrouver cette dimension.<br \/>\n Il y a un d\u00e9lit, il y a un d\u00e9linquant, mais le d\u00e9linquant est un membre de la societ\u00e9&nbsp;; la d\u00e9linquance appara\u00eet alors comme un ph\u00e9nom\u00e8ne social, d\u2019o\u00f9 la conception de la prison comme \u00e9tant une peine que la soci\u00e9t\u00e9 lui faire subir doit \u00eatre en m\u00eame temps, une pr\u00e9paration a la r\u00e9int\u00e9gration sociale beaucoup plus qu\u2019une coupure avec la soci\u00e9t\u00e9.<\/p>\n<p> La r\u00e9insertion des d\u00e9linquants emprisonn\u00e9s commence en prison \u2013 ce qui n\u00e9cessite une prise de conscience de la g\u00e9ographie et de la population carc\u00e9rale, de sa r\u00e9partition par d\u00e9lit, par sexe, par age, par niveau social et culturel, par nationalit\u00e9 \u2013 et se termine apr\u00e8s la prison. On pourrait aussi extrapoler et dire qu\u2019elle ne se termine jamais.<\/p>\n<p> La problematique alors est la suivante&nbsp;: qui au nom de la societ\u00e9 doit s\u2019interroger, \u0153uvre en vue de la r\u00e9insertion&nbsp;? L\u2019\u00e9tat ou les O.N.G&nbsp;? La loi et le droit en g\u00e9n\u00e9ral ou les familles et l\u2019environnement social tout entier&nbsp;? quels sont les proc\u00e9d\u00e9s connus en prison et en dehors ont \u00e9t\u00e9 efficients d\u2019une part, et, d\u2019autre part, les proc\u00e9d\u00e9s de r\u00e9insertion qui sont tellement g\u00e9n\u00e9ralis\u00e9s et lib\u00e9ralis\u00e9s ne posent-ils pas la question de l\u2019utilit\u00e9 de la peine de prison&nbsp;? Et, a la limite, la r\u00e9insertion est- elle possible&nbsp;?<\/p>\n<p>&nbsp;<br \/>\n Cet ouvrage est pr\u00e9sent\u00e9 par Dr. Sleiman Mona Salamouny et qui fait partie de la collection professionnelle (CPRO) de SADER porte essentiellement sur les notions suivantes&nbsp;:<\/p>\n<p> D\u2019abord&nbsp;l\u2019\u00e9tude de la criminalit\u00e9 et de la sanction&nbsp;: La criminalit\u00e9 comme ph\u00e9nom\u00e8ne total exprimant le couple individu \u2013 soci\u00e9t\u00e9&nbsp;; et la sanction voulant effacer physiquement, financi\u00e8rement, affectivement et moralement les s\u00e9quelles de cette rupture. Le meilleur r\u00e9sultat a obtenir est d\u2019effacer les causes individuelles et collectives de la rupture, et aboutir ainsi a une r\u00e9conciliation avec soi-m\u00eame et les autres, a la resocialisation.<\/p>\n<p> Aussi, convient-il, pour approcher les probl\u00e8mes soulev\u00e9s ci-dessus d\u2019\u00e9tudier dans un chapitre premier la criminalit\u00e9, en \u00e9tablissant la distinction entre la science du d\u00e9lit et la science du d\u00e9linquant, la distinction ou opposition entre la criminologie de l\u2019acte et la criminologie de la r\u00e9action sociale, pour entamer dans une deuxi\u00e8me section du m\u00eame chapitre les diff\u00e9rentes th\u00e9ories de la d\u00e9linquance, a savoir, la th\u00e9orie \u00e9tiologique ou bio-psychologique, la th\u00e9orie psychosocial ou autrement l\u2019appartenance de l\u2019individu a sa soci\u00e9t\u00e9, pour finir par la th\u00e9orie du d\u00e9fi, le d\u00e9fi du lien social et le defi de la sanction.<\/p>\n<p> Dans un deuxi\u00e8me chapitre de l\u2019introduction, intitule la sanction, reparti en deux sections, je traiterai de l\u2019\u00e9volution de la notion de peine, telle qu\u2019elle fut con\u00e7ue comme r\u00e9paratrice et purificatoire et ceci a travers les si\u00e8cles et les soci\u00e9t\u00e9s, bref dans son historique, pour aboutir dans une deuxi\u00e8me section a parler des transformations de la notion de peine en prison, c\u2019est-\u00e0-dire traiter de l\u2019\u00e9volution de la place de la prison, toujours a travers les soci\u00e9t\u00e9s antiques et modernes pour finir par interpr\u00e9ter l\u2019objectif de cette peine, doit-elle \u00eatre r\u00e9ins\u00e9rante ou uniquement privative de libert\u00e9&nbsp;?<\/p>\n<p> La probl\u00e9matique ainsi pos\u00e9e, cette \u00e9tude sera men\u00e9e sous deux grands titres&nbsp;: le livre premier consacre aux dimensions de la r\u00e9insertion en deux chapitres traitant le premier des dimensions sociologiques ou objectives, le second des dimensions subjectives ou relatives&nbsp;; tandis que le second livre sera consacre aux r\u00e9ponses a la d\u00e9linquance ou a la marginalit\u00e9 en deux chapitres, \u00e9galement, le premier consacre aux r\u00e9ponses p\u00e9nales tandis que le second est consacre aux r\u00e9ponses soci\u00e9tales.<\/p>\n<p> &nbsp;acheter viagra sans ordonnance en pharmacie http:\/\/acheterviagraenfrance.com\/sans\/ordonnance-en-pharmacie acheter viagra sans ordonnance en pharmacieviagra ersatz rezeptfrei http:\/\/viagrapillenkruidvat.com sildenafil 25 mgeffects of viagra on women cheap online viagra side effects of viagradiscount card prescription crmsociety.com coupon for cialismanufacturer coupons for prescription drugs prescription coupon cialis manufacturer coupon2015 cialis coupon printable cialis coupon cialis trial couponcialis coupon card eblogin.com prescription drugs couponscialis coupon open coupons for cialis printablecialis.com coupons lilly coupons for cialis discount drug couponsdiscount prescriptions coupons click cialis coupons printableetambutol 400 mg ethambutol dosage ethambutol hydrochloridecipralex gewichtszunahme igliving.com cipralex escitalopramelocon 0 1 read elocon prissirdalud dosierung sirdalud compendium sirdalud wikipaxil link paxillus rubicunduluschlorpromazine hoquet thebaileynews.com chlorpromazine vidallexapro overdose effects link lexapro alcoholmalonetta amning hvaderudenrecept.site malonetta gestagen<\/p>\n","protected":false},"excerpt":{"rendered":"<p>La r\u00e9insertion des d\u00e9linquants emprisonn\u00e9s commence en prison \u2013 ce qui n\u00e9cessite une prise de conscience de la g\u00e9ographie et de la population carc\u00e9rale, de sa r\u00e9partition par d\u00e9lit, par sexe, par age, par niveau social et culturel, par nationalit\u00e9 \u2013 et se termine apr\u00e8s la prison. On pourrait aussi e<\/p>\n","protected":false},"featured_media":10502,"comment_status":"closed","ping_status":"closed","template":"","meta":{"_acf_changed":false},"product_brand":[],"product_cat":[219],"product_tag":[],"class_list":{"0":"post-11702","1":"product","2":"type-product","3":"status-publish","4":"has-post-thumbnail","6":"product_cat-219","8":"first","9":"instock","10":"shipping-taxable","11":"purchasable","12":"product-type-simple"},"acf":[],"_links":{"self":[{"href":"https:\/\/newsader.tedmob.com\/en\/wp-json\/wp\/v2\/product\/11702","targetHints":{"allow":["GET"]}}],"collection":[{"href":"https:\/\/newsader.tedmob.com\/en\/wp-json\/wp\/v2\/product"}],"about":[{"href":"https:\/\/newsader.tedmob.com\/en\/wp-json\/wp\/v2\/types\/product"}],"replies":[{"embeddable":true,"href":"https:\/\/newsader.tedmob.com\/en\/wp-json\/wp\/v2\/comments?post=11702"}],"wp:featuredmedia":[{"embeddable":true,"href":"https:\/\/newsader.tedmob.com\/en\/wp-json\/wp\/v2\/media\/10502"}],"wp:attachment":[{"href":"https:\/\/newsader.tedmob.com\/en\/wp-json\/wp\/v2\/media?parent=11702"}],"wp:term":[{"taxonomy":"product_brand","embeddable":true,"href":"https:\/\/newsader.tedmob.com\/en\/wp-json\/wp\/v2\/product_brand?post=11702"},{"taxonomy":"product_cat","embeddable":true,"href":"https:\/\/newsader.tedmob.com\/en\/wp-json\/wp\/v2\/product_cat?post=11702"},{"taxonomy":"product_tag","embeddable":true,"href":"https:\/\/newsader.tedmob.com\/en\/wp-json\/wp\/v2\/product_tag?post=11702"}],"curies":[{"name":"wp","href":"https:\/\/api.w.org\/{rel}","templated":true}]}}