{"id":11700,"date":"2011-01-01T00:00:00","date_gmt":"2011-01-01T00:00:00","guid":{"rendered":"https:\/\/newsader.tedmob.com\/publications\/2280-png-2280-png\/"},"modified":"2011-01-01T00:00:00","modified_gmt":"2011-01-01T00:00:00","slug":"2280-png-2280-png","status":"publish","type":"product","link":"https:\/\/newsader.tedmob.com\/en\/publications\/2280-png-2280-png\/","title":{"rendered":"2280.png\/\/2280.png"},"content":{"rendered":"<p>Titre: Le droit du porteur au paiement de l\u2019effet de commerce.<br \/>\n Auteur: Dr. Amine BARSA<br \/>\n Pr\u00e9face: Richard CHEMALY<br \/>\n Num\u00e9ro: 2280<br \/>\n ISBN: 978-9953-66-188-9<br \/>\n Pages: 944<br \/>\n Date de publication: 2011<br \/>\n Prix au public: 42$ ou son \u00e9quivalent en livres libanaises<br \/>\n Editeur: Editions juridiques SADER.<br \/>\n Impression: Imprimerie SADER 1890 SARL.<br \/>\n Distribution: Librairie SADER Editeurs SARL.<br \/>\n &nbsp; (+9611488776) www.saderpublishers.com)<br \/>\n Catalogue: Droit de porteur au paiement de commerce.<\/p>\n<p>R\u00e9sum\u00e9:<br \/>\nL\u2019ouvrage &quot;Le droit du porteurau paiement de l\u2019effet de commerce&quot; \u00e9crit par Dr. AMINE BARSA et qui fait partie de la collection professionnelle Cpro de SADER met l\u2019accent sur une id\u00e9eessentiellement pratique: il a pour objet d\u2019indiquer ses droits \u00e1 tout porteur d\u2019un effet de commerce, c\u2019est-\u00e0-dire \u00e1 toute personne titulaire \u00e1 un moment donn\u00e9 d\u2019un effet de commerce.<br \/>\n&nbsp;<br \/>\nSA nouveaut\u00e9 ET son originalit\u00e9 r\u00e9sident dans le fait qu\u2019il propose une \u00e9tude des effets de commerce en droits libanais et fran\u00e7ais ax\u00e9e sur le droit du porteur au paiement de l\u2019effet. Pourquoi le droit au paiement? Parce que la plupart des probl\u00e8mes qui se posent concernent Ce droit. Pourquoi ledroit du porteur au paiement de l\u2019effet de commerce et non le droit au paiement du porteur de l\u2019effet de commerce? Parceque l\u2019objet de l\u2019\u00e9tude est le droit au paiement de l\u2019effet non celui de lacr\u00e9ance fondamentale.&nbsp;&nbsp;&nbsp;&nbsp;&nbsp;&nbsp;&nbsp;&nbsp;&nbsp;&nbsp; &nbsp;&nbsp;&nbsp;&nbsp;&nbsp;&nbsp;&nbsp;&nbsp;&nbsp;&nbsp;&nbsp;&nbsp;&nbsp;&nbsp;<br \/>\n&nbsp;<br \/>\nLes r\u00e8gles qui s\u2019appliquent audroit au paiement de l\u2019effet de commerce sont, \u00e0 quelques diff\u00e9rences, pr\u00e8s,les m\u00eames, s\u2019agissant de la lettre de change, du billet \u00e0 ordre et du ch\u00e8que,ce qui, d\u2019une part, confirme la qualification du ch\u00e8que comme effet de commerce, ce qui, d\u2019autre part,&nbsp; fonde la d\u00e9marche suivie dans l\u2019ouvrage qui, \u00e1 l\u2019inverse de celle des textes et de la doctrine, consiste \u00e0 d\u00e9gager les r\u00e8gles communes \u00e0 tous les effets de commerce,quitte \u00e0 signaler, le cas \u00e9ch\u00e9ant, les particularit\u00e9s propres \u00e0 tel ou tel effet.<br \/>\n&nbsp;<\/p>\n<p>cialis dosage vs cialis dosage too low cialis dosage guideviagra ersatz rezeptfrei http:\/\/viagrapillenkruidvat.com sildenafil 25 mgeffects of viagra on women cheap online viagra side effects of viagrafree discount prescription cards crmsociety.com free cialis couponsfree printable cialis coupons click pet prescription discount carddrug coupon card blog.nvcoin.com free discount prescription cardinternet drug coupons prescription drugs coupon cialis sample couponprescription coupons free discount prescription cards internet drug couponscialis coupons from lilly site cialis coupons from lillyaugmentin duo open augmentin duo alkoholbuscopan vidal megaedd.com buscopan vidalcipralex gewichtszunahme igliving.com cipralex escitalopramvaniqa blog.rewardsrunner.com vaniqa venezuelavermox cena blog.toolroom.at vermox lekarnalipitor atorvastatin sentencingguidelines.co.uk lipitor 20 mgchlorpromazine hoquet go chlorpromazine vidalmalonetta amning malonetta dk malonetta gestagen<\/p>\n","protected":false},"excerpt":{"rendered":"<p>Le droit du porteur au paiement de l\u2019effet de commerce&#8221; \u00e9crit par Dr. AMINE BARSA et qui fait partie de la collection professionnelle Cpro de SADER<\/p>\n","protected":false},"featured_media":10501,"comment_status":"closed","ping_status":"closed","template":"","meta":{"_acf_changed":false},"product_brand":[],"product_cat":[219],"product_tag":[],"class_list":{"0":"post-11700","1":"product","2":"type-product","3":"status-publish","4":"has-post-thumbnail","6":"product_cat-219","8":"first","9":"instock","10":"shipping-taxable","11":"purchasable","12":"product-type-simple"},"acf":[],"_links":{"self":[{"href":"https:\/\/newsader.tedmob.com\/en\/wp-json\/wp\/v2\/product\/11700","targetHints":{"allow":["GET"]}}],"collection":[{"href":"https:\/\/newsader.tedmob.com\/en\/wp-json\/wp\/v2\/product"}],"about":[{"href":"https:\/\/newsader.tedmob.com\/en\/wp-json\/wp\/v2\/types\/product"}],"replies":[{"embeddable":true,"href":"https:\/\/newsader.tedmob.com\/en\/wp-json\/wp\/v2\/comments?post=11700"}],"wp:featuredmedia":[{"embeddable":true,"href":"https:\/\/newsader.tedmob.com\/en\/wp-json\/wp\/v2\/media\/10501"}],"wp:attachment":[{"href":"https:\/\/newsader.tedmob.com\/en\/wp-json\/wp\/v2\/media?parent=11700"}],"wp:term":[{"taxonomy":"product_brand","embeddable":true,"href":"https:\/\/newsader.tedmob.com\/en\/wp-json\/wp\/v2\/product_brand?post=11700"},{"taxonomy":"product_cat","embeddable":true,"href":"https:\/\/newsader.tedmob.com\/en\/wp-json\/wp\/v2\/product_cat?post=11700"},{"taxonomy":"product_tag","embeddable":true,"href":"https:\/\/newsader.tedmob.com\/en\/wp-json\/wp\/v2\/product_tag?post=11700"}],"curies":[{"name":"wp","href":"https:\/\/api.w.org\/{rel}","templated":true}]}}