{"id":11632,"date":"2013-01-01T00:00:00","date_gmt":"2013-01-01T00:00:00","guid":{"rendered":"https:\/\/newsader.tedmob.com\/publications\/2312-b-jpg-2312-jpg\/"},"modified":"2013-01-01T00:00:00","modified_gmt":"2013-01-01T00:00:00","slug":"2312-b-jpg-2312-jpg","status":"publish","type":"product","link":"https:\/\/newsader.tedmob.com\/en\/publications\/2312-b-jpg-2312-jpg\/","title":{"rendered":"2312 b.jpg\/\/2312.JPG"},"content":{"rendered":"<p>Titre: Les effets juridiques des massacres commis contre lesArm\u00e9niens en 1915 et leurs modes de resolutions judiciairies et extra judiciaires possibles.<br \/>\nAuteur: DAKESSIAN Rodney<br \/>\nPr\u00e9face: Emile-Fran\u00e7ois CALLOT<br \/>\nNum\u00e9ro: 2312<br \/>\nISBN: 978-9953-66-252-7<br \/>\nPages: 400<br \/>\nDate depublication: 2013<br \/>\nPrix au public: 30$ ou son \u00e9quivalent en livres libanaises<br \/>\nEditeur:Editions juridiques SADER.<br \/>\nImpression:Imprimerie SADER 1890 SARL.<br \/>\nDistribution:Librairie SADER Editeurs SARL.<br \/>\n&nbsp;(+9611488776) www.saderpublishers.com)<br \/>\nCatalogue: Les effets juridiques des massacres commis contre les Arm\u00e9niens en 1915 et leurs modes de resolutions judiciairies etextra judiciaires possibles.<\/p>\n<p>R\u00e9sum\u00e9:<\/p>\n<p>Presque un si\u00e8cle s\u2019est d\u00e9j\u00e0 \u00e9coul\u00e9 depuis la perp\u00e9tration du crime commis contre les Arm\u00e9niens ottomans en 1915, mais malheureusement, les effets de ce crime n\u2019ont jamais cess\u00e9.<\/p>\n<p>Cet ouvrage pr\u00e9sent\u00e9 par Dr. Rodney Dakessian et qui fait partie de la collection professionnelle Cpro de SADER &nbsp;vise en premier lieu \u00e0 apporter une r\u00e9solution objective, r\u00e9aliste et innovatrice au sujet de &nbsp;la \u00ab question arm\u00e9nienne \u00bb.<br \/>\nLa difficult\u00e9 majeure de cet ouvrage r\u00e9sidait dans le fait que mes recherches \u00e9taient concentr\u00e9es sur des faits pass\u00e9s depuis presque 100 ans !! Et donc, il y avait une sorte de \u00ab pont \u00bb que je devais traverser entre, d\u2019un c\u00f4t\u00e9, l\u2019histoire du g\u00e9nocide et son pass\u00e9, et de l\u2019autre c\u00f4t\u00e9, le pr\u00e9sent du g\u00e9nocide et son futur.<\/p>\n<p>Le but essentiel de cet ouvrage \u00e9tait de trouver essentiellement une solution \u00e0 ce \u00ab futur \u00bb ; une solution bas\u00e9e sur la r\u00e9alit\u00e9 des choses, l\u2019objectivit\u00e9 et l\u2019impartialit\u00e9, dans le but de rapprocher les deux pays en litige. Je sentais comme si j\u2019\u00e9tais vraiment en mission de d\u00e9couvrir un nouveau m\u00e9dicament pour une maladie chronique.<\/p>\n<p>En r\u00e9alit\u00e9, la probl\u00e9matique essentielle trait\u00e9e par cet ouvrage peut \u00eatre r\u00e9sum\u00e9e comme suit :<br \/>\n&nbsp;<br \/>\nQuelles peuvent \u00eatre les effets juridiques et les cons\u00e9quences des massacres commis contre les Arm\u00e9niens en 1915 par l\u2019Empire ottoman au niveau du droit international, surtout que ces massacres ont \u00e9t\u00e9 commis depuis bien longtemps et m\u00eame avant la promulgation de la convention de 1948 sur le crime de g\u00e9nocide, au regard du droit des trait\u00e9s et de la succession des \u00c9tats en mati\u00e8re de responsabilit\u00e9 internationale ?&nbsp;<\/p>\n<p>Existe-t-il donc encore des moyens juridiques possibles pour r\u00e9soudre la \u00ab question arm\u00e9nienne \u00bb, ou bien cette derni\u00e8re est devenue juste une affaire de l&#8217;histoire sans aucune possibilit\u00e9 de recours juridictionnels, laissant la place au r\u00e8glement politique comme seul moyen de r\u00e9solution ?<\/p>\n<p>Qu\u2019ont fait le droit et la justice internationale ?<\/p>\n<p>N\u2019est-il pas le temps enfin de vivre en paix et de regarder pour une fois ce qui nous rassemble et non ce qui nous divise ?<br \/>\nCet ouvrage met en lumi\u00e8re toutes les probl\u00e9matiques juridiques rattach\u00e9es au sujet du g\u00e9nocide arm\u00e9nien, comme celui de la r\u00e9gion du Haut-Karabagh, ainsi que les effets de ce crime sur l\u2019adh\u00e9sion de la Turquie \u00e0 l\u2019Union europ\u00e9enne ; en proposant des solutions r\u00e9alisables et justifiables, bas\u00e9es sur la logique et le droit international.<\/p>\n<p>J&#8217;esp\u00e8re que cet ouvrage soit consid\u00e9r\u00e9 comme un message de soutien, m\u00eame modeste, pour le peuple arm\u00e9nien et m\u00eame pour le peuple turc ; ainsi qu\u2019un acte de reconnaissance et de fid\u00e9lit\u00e9 \u00e0 l&#8217;esprit des victimes du g\u00e9nocide arm\u00e9nien, de m\u00eame qu\u2019\u00e0 l&#8217;esprit de mes anc\u00eatres.<br \/>\n&nbsp;cialis ne cialis ne cialis necialis prescription coupons price of cialis cialis pharmacy coupon2015 cialis coupon printable cialis coupon cialis trial couponprescription coupons site prescription transfer couponcialis coupons online mha.dk online cialis couponsdiscount prescriptions coupons click cialis coupons printableaerius go aerius dosierungkamagra super open kamagra \u00e1raaerius nebenwirkungen go aerius kaufencordarone marevan cordarone behandling cordarone bolusvibramycin dose philhustead.com vibramycin dosereminyl site reminyl vaikutusmekanismicanesten gyno etos canesten canesten tabletprednisolone dosage for dogs site prednisolone 5mg tablets for dogsflutamida chile blog.halan.se flutamida nombre comercialsymbicort sprej open symbicortsymbicort sprej site symbicortchlorpromazine hoquet thebaileynews.com chlorpromazine vidalcialis cvs coupon go cialiscialis cvs coupon link cialis couponmalonetta amning malonetta dk malonetta gestagen<\/p>\n","protected":false},"excerpt":{"rendered":"<p>Cet ouvrage pr\u00e9sent\u00e9 par Dr. Rodney Dakessian et qui fait partie de la collection professionnelle Cpro de SADER  vise en premier lieu \u00e0 apporter une r\u00e9solution objective, r\u00e9aliste et innovatrice au sujet de  la \u00ab question arm\u00e9nienne \u00bb.<\/p>\n","protected":false},"featured_media":10514,"comment_status":"closed","ping_status":"closed","template":"","meta":{"_acf_changed":false},"product_brand":[],"product_cat":[219],"product_tag":[],"class_list":{"0":"post-11632","1":"product","2":"type-product","3":"status-publish","4":"has-post-thumbnail","6":"product_cat-219","8":"first","9":"instock","10":"shipping-taxable","11":"purchasable","12":"product-type-simple"},"acf":[],"_links":{"self":[{"href":"https:\/\/newsader.tedmob.com\/en\/wp-json\/wp\/v2\/product\/11632","targetHints":{"allow":["GET"]}}],"collection":[{"href":"https:\/\/newsader.tedmob.com\/en\/wp-json\/wp\/v2\/product"}],"about":[{"href":"https:\/\/newsader.tedmob.com\/en\/wp-json\/wp\/v2\/types\/product"}],"replies":[{"embeddable":true,"href":"https:\/\/newsader.tedmob.com\/en\/wp-json\/wp\/v2\/comments?post=11632"}],"wp:featuredmedia":[{"embeddable":true,"href":"https:\/\/newsader.tedmob.com\/en\/wp-json\/wp\/v2\/media\/10514"}],"wp:attachment":[{"href":"https:\/\/newsader.tedmob.com\/en\/wp-json\/wp\/v2\/media?parent=11632"}],"wp:term":[{"taxonomy":"product_brand","embeddable":true,"href":"https:\/\/newsader.tedmob.com\/en\/wp-json\/wp\/v2\/product_brand?post=11632"},{"taxonomy":"product_cat","embeddable":true,"href":"https:\/\/newsader.tedmob.com\/en\/wp-json\/wp\/v2\/product_cat?post=11632"},{"taxonomy":"product_tag","embeddable":true,"href":"https:\/\/newsader.tedmob.com\/en\/wp-json\/wp\/v2\/product_tag?post=11632"}],"curies":[{"name":"wp","href":"https:\/\/api.w.org\/{rel}","templated":true}]}}