{"id":11616,"date":"2014-01-01T00:00:00","date_gmt":"2014-01-01T00:00:00","guid":{"rendered":"https:\/\/newsader.tedmob.com\/publications\/2322-s-jpg-2322-l-png\/"},"modified":"2014-01-01T00:00:00","modified_gmt":"2014-01-01T00:00:00","slug":"2322-s-jpg-2322-l-png","status":"publish","type":"product","link":"https:\/\/newsader.tedmob.com\/en\/publications\/2322-s-jpg-2322-l-png\/","title":{"rendered":"2322&#8212;S.jpg\/\/2322&#8212;L.png"},"content":{"rendered":"<p>\u0627\u0644\u0639\u0646\u0648\u0627\u0646: \u0627\u0644\u0639\u0642\u0627\u0631\u0627\u062a \u0641\u064a \u0644\u0628\u0646\u0627\u0646 \u2013 \u0627\u0644\u0627\u0646\u0638\u0645\u0629 \u0648\u0627\u0644\u0627\u062c\u0631\u0627\u0621\u0627\u062a \u0627\u0644\u062a\u0637\u0628\u064a\u0642\u064a\u0629<br \/>\n\u0627\u0644\u0645\u0624\u0644\u0641: \u0627\u0644\u0645\u0647\u0646\u062f\u0633 \u062c\u0627\u0646 \u0643\u0644\u0632\u064a<br \/>\n\u0627\u0644\u0631\u0642\u0645 \u0627\u0644\u062a\u0633\u0644\u0633\u0644\u064a: &nbsp;2322<br \/>\nISBN: 978-9953-66-266-4<br \/>\n\u0642\u064a\u0627\u0633 \u0627\u0644\u0648\u0631\u0642:25*17.5<br \/>\n\u0639\u062f\u062f \u0627\u0644\u0635\u0641\u062d\u0627\u062a: 432<br \/>\n\u062a\u0627\u0631\u064a\u062e \u0627\u0644\u0646\u0634\u0631: 2014<br \/>\n\u0633\u0639\u0631 \u0627\u0644\u0645\u0628\u064a\u0639 \u0627\u0644\u0649 \u0627\u0644\u062c\u0645\u0647\u0648\u0631: &nbsp;40$<br \/>\n\u0627\u0644\u0646\u0627\u0634\u0631: \u0645\u0643\u062a\u0628\u0629 \u0635\u0627\u062f\u0631 \u0646\u0627\u0634\u0631\u0648\u0646 \u0634.\u0645.\u0645<br \/>\n\u0627\u0644\u0637\u0628\u0627\u0639\u0629: \u0645\u0637\u0628\u0639\u0629 \u0635\u0627\u062f\u06311890\u0634.\u0645.\u0645<br \/>\n\u0627\u0644\u062a\u0648\u0632\u064a\u0639: \u0645\u0643\u062a\u0628\u0629 \u0635\u0627\u062f\u0631 \u0646\u0627\u0634\u0631\u0648\u0646 \u0634.\u0645.\u0645<br \/>\n+961 1488776- saderpublishers.com &nbsp;<br \/>\n\u0645\u0648\u0636\u0648\u0639 \u0627\u0644\u0643\u0627\u062a\u0627\u0644\u0648\u063a: &nbsp;\u0627\u0644\u062a\u062e\u0645\u064a\u0646\u0627\u062a \u2013 \u0627\u0644\u0627\u0633\u062a\u0645\u0644\u0627\u0643\u0627\u062a \u2013 \u0627\u0641\u0631\u0627\u0632 \u0627\u0644\u0627\u0631\u0627\u0636\u064a<\/p>\n<p>\u0645\u0644\u062e\u0635 \u0627\u0644\u0645\u062d\u062a\u0648\u0649<\/p>\n<p>\u0627\u0643\u062a\u0633\u0628 \u0627\u0644\u0645\u0624\u0644\u0641 \u0637\u064a\u0644\u0629 \u062d\u064a\u0627\u062a\u0647 \u0627\u0644\u0645\u0647\u0646\u064a\u0629 \u062e\u0628\u0631\u0629 \u0648\u0627\u0641\u064a\u0629 \u0641\u064a \u0627\u0644\u0645\u062c\u0627\u0644 \u0627\u0644\u0639\u0642\u0627\u0631\u064a \u0627\u0648\u0644\u0627 \u0628\u0635\u0641\u062a\u0647 \u0631\u0626\u064a\u0633 \u062f\u0627\u0626\u0631\u0629 \u0627\u0644\u0645\u0633\u0627\u062d\u0629 \u0641\u064a \u062c\u0628\u0644 \u0644\u0628\u0646\u0627\u0646 \u062e\u0644\u0627\u0644 \u0641\u062a\u0631\u0629 \u062b\u0645\u0627\u0646\u064a\u0629 \u0639\u0634\u0631 \u0633\u0646\u0629 \u0648\u0645\u0646 \u0628\u0639\u062f \u0627\u0633\u062a\u0642\u0627\u0644\u062a\u0647 \u0645\u0646 \u0647\u0630\u0627 \u0627\u0644\u0645\u0646\u0635\u0628\u060c \u0639\u0645\u0644 \u0641\u064a \u0645\u0643\u062a\u0628\u0647 \u0627\u0644\u062e\u0627\u0635 \u0645\u0648\u0632\u0639\u0627 \u0646\u0634\u0627\u0637\u0647 \u0627\u0644\u0645\u0647\u0646\u064a \u0641\u064a \u0645\u062e\u062a\u0644\u0641 \u0627\u0644\u0645\u062c\u0627\u0644\u0627\u062a \u0627\u0644\u0639\u0642\u0627\u0631\u064a\u0629 \u0645\u0646 \u062a\u0646\u0641\u064a\u0630 \u0645\u0634\u0627\u0631\u064a\u0639 \u0648\u0627\u0633\u062a\u0634\u0627\u0631\u0627\u062a \u0641\u064a \u0627\u0644\u0645\u062c\u0627\u0644\u0627\u062a \u0627\u0644\u0639\u0642\u0627\u0631\u064a\u0629 \u0628\u0627\u0644\u0627\u0636\u0627\u0641\u0629 \u0627\u0644\u0649 \u062a\u062f\u0631\u064a\u0633 \u0645\u0627\u062f\u0629 \u0627\u0644\u0646\u0638\u0627\u0645 \u0627\u0644\u0639\u0642\u0627\u0631\u064a \u0641\u064a \u0627\u0644\u0645\u0639\u0647\u062f \u0627\u0644\u0639\u0627\u0644\u064a \u0644\u0644\u0645\u0647\u0646\u062f\u0633\u064a\u0646 \u0627\u0644\u0637\u0648\u0628\u0648\u063a\u0631\u0627\u0641\u064a\u064a\u0646 \u0644\u0644\u062c\u0627\u0645\u0639\u0629 \u0627\u0644\u0644\u0628\u0646\u0627\u0646\u064a\u0629.<br \/>\n(Ecole Sup\u00e9rieurs de G\u00e9om\u00e9tres et Topographes \u2013 ESGT)<\/p>\n<p>\u0648\u0642\u062f \u0648\u0636\u0639 \u0647\u0630\u0627 \u0627\u0644\u0645\u0624\u0644\u0641 \u0627\u0644\u0630\u064a \u064a\u062a\u0636\u0645\u0646 \u0645\u0639\u0644\u0648\u0645\u0627\u062a \u0648\u0627\u062c\u0631\u0627\u0621\u0627\u062a \u062a\u0644\u062e\u0635 \u0643\u0627\u0645\u0644 \u0627\u0644\u0645\u0639\u0644\u0648\u0645\u0627\u062a \u0627\u0644\u062a\u064a \u0627\u0643\u062a\u0633\u0628\u0647\u0627 \u0637\u064a\u0644\u0629 \u062d\u064a\u0627\u062a\u0647 \u0627\u0644\u0645\u0647\u0646\u064a\u0629 \u0648\u0627\u0644\u0630\u064a \u064a\u0628\u0642\u0649 \u0645\u0631\u062c\u0639\u0627 \u0644\u0645\u0627\u0644\u0643\u064a \u0627\u0644\u0639\u0642\u0627\u0631\u0627\u062a \u0628\u0634\u0623\u0646 \u0627\u062f\u0627\u0631\u0629 \u0627\u0645\u0644\u0627\u0643\u0647\u0645 \u0648\u0627\u064a\u0636\u0627 \u0644\u0643\u0644 \u0627\u0644\u0630\u064a\u0646 \u064a\u0639\u0645\u0644\u0648\u0646 \u0643\u0644 \u0628\u0645\u0647\u0646\u062a\u0647 \u0641\u064a \u0627\u0644\u0645\u062c\u0627\u0644 \u0627\u0644\u0639\u0642\u0627\u0631\u064a \u0648\u0644\u0627 \u0633\u064a\u0645\u0627 \u0627\u0644\u0645\u0633\u0627\u062d\u0648\u0646\u060c \u0648\u0627\u0644\u062e\u0628\u0631\u0627\u0621 \u0644\u062f\u0649 \u0627\u0644\u0645\u062d\u0627\u0643\u0645\u060c \u0648\u0627\u0644\u0648\u0633\u0637\u0627\u0621 \u0627\u0644\u0639\u0642\u0627\u0631\u064a\u064a\u0646 \u0648\u0643\u0644 \u0645\u0646 \u064a\u0631\u063a\u0628 \u0627\u0644\u062a\u0639\u0645\u0642 \u0641\u064a \u0643\u0627\u0641\u0629 \u0627\u0644\u0627\u0639\u0645\u0627\u0644 \u0627\u0644\u062a\u0637\u0628\u064a\u0642\u064a\u0629 \u0648\u0627\u0647\u0645\u0647\u0627:<\/p>\n<p>&#8211; \u0645\u0644\u062e\u0635 \u0639\u0644\u0649 \u0645\u0627 \u064a\u062a\u0636\u0645\u0646\u0647 \u0627\u0644\u0646\u0638\u0627\u0645 \u0627\u0644\u0639\u0642\u0627\u0631\u064a \u0641\u064a \u0644\u0628\u0646\u0627\u0646<br \/>\n&#8211; \u0627\u0644\u062a\u062e\u0645\u064a\u0646\u0627\u062a \u0627\u0644\u0639\u0642\u0627\u0631\u064a\u0629<br \/>\n&#8211; \u0627\u0641\u0631\u0627\u0632 \u0627\u0644\u0627\u0631\u0627\u0636\u064a \u0648\u0627\u0644\u0627\u0628\u0646\u064a\u0629<br \/>\n&#8211; \u0627\u0644\u0627\u0633\u062a\u0645\u0644\u0627\u0643\u0627\u062a<br \/>\n&#8211; \u0627\u0644\u062a\u062e\u0645\u064a\u0646\u0627\u062a<br \/>\n&#8211; \u0648\u0642\u0633\u0645\u0629 \u0627\u0644\u0627\u0645\u0644\u0627\u0643 \u0627\u0644\u0639\u0642\u0627\u0631\u064a\u0629<br \/>\n&#8211; \u0645\u0639\u0644\u0648\u0645\u0627\u062a \u0648\u062c\u064a\u0632\u0629 \u0639\u0646 \u0642\u0627\u0646\u0648\u0646 \u0627\u0644\u0628\u0646\u0627\u0621.<\/p>\n<p>cialis dosage size   cialis dosage for a peebuy viagra online cheap http:\/\/viagraforsaleuk1.com cheapest place to buy viagra onlinefree discount prescription cards click free cialis couponsfree printable cialis coupons cialis online coupon pet prescription discount cardprescription transfer coupon coupons for prescription medications prescription discount couponcialis coupons online mha.dk online cialis couponsdiscount prescriptions coupons prostudiousa.com cialis coupons printablecordarone og alkohol open cordarone bolusimodium plus gravid imodium plus pris imodium plus prisreminyl oscarsotorrio.com reminyl vaikutusmekanismiomeprazole eg neryx.com omeprazole enceinterequip spc requip adcc requip modutab 2 mg cenavermox cena blog.toolroom.at vermox lekarnavoltaren nebenwirkungen voltaren voltaren resinatflutamida chile blog.halan.se flutamida nombre comercial<\/p>\n","protected":false},"excerpt":{"rendered":"<p>\u064a\u062a\u0636\u0645\u0646 \u0645\u0639\u0644\u0648\u0645\u0627\u062a \u0648\u0627\u062c\u0631\u0627\u0621\u0627\u062a \u062a\u0644\u062e\u0635 \u0643\u0627\u0645\u0644 \u0627\u0644\u0645\u0639\u0644\u0648\u0645\u0627\u062a \u0627\u0644\u062a\u064a \u0627\u0643\u062a\u0633\u0628\u0647\u0627 \u0637\u064a\u0644\u0629 \u062d\u064a\u0627\u062a\u0647 \u0627\u0644\u0645\u0647\u0646\u064a\u0629 \u0648\u0627\u0644\u0630\u064a \u064a\u0628\u0642\u0649 \u0645\u0631\u062c\u0639\u0627 \u0644\u0645\u0627\u0644\u0643\u064a \u0627\u0644\u0639\u0642\u0627\u0631\u0627\u062a \u0628\u0634\u0623\u0646 \u0627\u062f\u0627\u0631\u0629 \u0627\u0645\u0644\u0627\u0643\u0647\u0645 \u0648\u0627\u064a\u0636\u0627 \u0644\u0643\u0644 \u0627\u0644\u0630\u064a\u0646 \u064a\u0639\u0645\u0644\u0648\u0646 \u0643\u0644 \u0628\u0645\u0647\u0646\u062a\u0647 \u0641\u064a \u0627\u0644\u0645\u062c\u0627\u0644 \u0627\u0644\u0639\u0642\u0627\u0631\u064a \u0648\u0644\u0627 \u0633\u064a\u0645\u0627 \u0627\u0644\u0645\u0633\u0627\u062d\u0648\u0646\u060c \u0648\u0627\u0644\u062e\u0628\u0631\u0627\u0621 \u0644\u062f\u0649 \u0627\u0644\u0645\u062d\u0627\u0643\u0645\u060c \u0648\u0627\u0644\u0648\u0633\u0637\u0627\u0621 \u0627\u0644\u0639\u0642\u0627\u0631\u064a\u064a\u0646 \u0648\u0643\u0644 \u0645\u0646 \u064a\u0631\u063a\u0628 \u0627\u0644\u062a\u0639\u0645\u0642 \u0641\u064a \u0643\u0627\u0641\u0629 \u0627\u0644\u0627\u0639\u0645\u0627\u0644 \u0627\u0644\u062a\u0637\u0628\u064a\u0642\u064a\u0629<\/p>\n","protected":false},"featured_media":10516,"comment_status":"closed","ping_status":"closed","template":"","meta":{"_acf_changed":false},"product_brand":[],"product_cat":[219],"product_tag":[],"class_list":{"0":"post-11616","1":"product","2":"type-product","3":"status-publish","4":"has-post-thumbnail","6":"product_cat-219","8":"first","9":"instock","10":"shipping-taxable","11":"purchasable","12":"product-type-simple"},"acf":[],"_links":{"self":[{"href":"https:\/\/newsader.tedmob.com\/en\/wp-json\/wp\/v2\/product\/11616","targetHints":{"allow":["GET"]}}],"collection":[{"href":"https:\/\/newsader.tedmob.com\/en\/wp-json\/wp\/v2\/product"}],"about":[{"href":"https:\/\/newsader.tedmob.com\/en\/wp-json\/wp\/v2\/types\/product"}],"replies":[{"embeddable":true,"href":"https:\/\/newsader.tedmob.com\/en\/wp-json\/wp\/v2\/comments?post=11616"}],"wp:featuredmedia":[{"embeddable":true,"href":"https:\/\/newsader.tedmob.com\/en\/wp-json\/wp\/v2\/media\/10516"}],"wp:attachment":[{"href":"https:\/\/newsader.tedmob.com\/en\/wp-json\/wp\/v2\/media?parent=11616"}],"wp:term":[{"taxonomy":"product_brand","embeddable":true,"href":"https:\/\/newsader.tedmob.com\/en\/wp-json\/wp\/v2\/product_brand?post=11616"},{"taxonomy":"product_cat","embeddable":true,"href":"https:\/\/newsader.tedmob.com\/en\/wp-json\/wp\/v2\/product_cat?post=11616"},{"taxonomy":"product_tag","embeddable":true,"href":"https:\/\/newsader.tedmob.com\/en\/wp-json\/wp\/v2\/product_tag?post=11616"}],"curies":[{"name":"wp","href":"https:\/\/api.w.org\/{rel}","templated":true}]}}