{"id":11578,"date":"2015-01-01T00:00:00","date_gmt":"2015-01-01T00:00:00","guid":{"rendered":"https:\/\/newsader.tedmob.com\/publications\/2325-s-jpg-2325-l-png\/"},"modified":"2015-01-01T00:00:00","modified_gmt":"2015-01-01T00:00:00","slug":"2325-s-jpg-2325-l-png","status":"publish","type":"product","link":"https:\/\/newsader.tedmob.com\/en\/publications\/2325-s-jpg-2325-l-png\/","title":{"rendered":"2325&#8212;S.jpg\/\/2325&#8211;L.png"},"content":{"rendered":"<p>Titre: Les rigidit\u00e9s et faiblesses du Droit libanais des Societes<br \/>\nAuteur: Dr. Salam &nbsp;Abdel Samad<br \/>\nNum\u00e9ro: 2325<br \/>\nISBN: 978-9953-66-279-4<br \/>\nPages: 784<br \/>\nDate de publication: 2015<br \/>\nPrix au public: 30$ ou son \u00e9quivalent en livres libanaises<br \/>\nEditeur: Edition juridiques SADER.<br \/>\nDistribution: Librairie SADER Editeurs SARL.<br \/>\n(+9611488776) www.saderpublishers.com)<\/p>\n<p>R\u00e9sum\u00e9<\/p>\n<p>Les \u00e9volutions du monde \u00e9conomique ont boulevers\u00e9 l&#8217;organisation des entreprises. D\u00e9sormais, les dirigeants, les actionnaires, les march\u00e9s et plus largement l&#8217;ensemble des acteurs \u00e9conomiques exigent des structures manag\u00e9riales plus souples, plus r\u00e9actives, plus transparentes et plus s\u00fbres. Ainsi, pour s&#8217;adapter, les entreprises ont d\u00fb subir, dans les derni\u00e8res ann\u00e9es plus de r\u00e9formes qu&#8217;elles en avaient, sans doute, support\u00e9es au cours de la deuxi\u00e8me moiti\u00e9 du XX si\u00e8cle. Mais les enjeux sont de taille : ils engagent la cr\u00e9dibilit\u00e9, la croissance, la rentabilit\u00e9 et, \u00e0 terme, la survie de l&#8217;entreprise et la prosp\u00e9rit\u00e9 des nations.<\/p>\n<p>Qu&#8217;en est-il au niveau du Droit libanais des soci\u00e9t\u00e9s?<\/p>\n<p>&nbsp;Ce Droit est mal adapt\u00e9 aux besoins des entreprises, car sa rigidit\u00e9 fait souvent obstacle \u00e0 l&#8217;adoption de structures qui correspondent aux besoins souvent tr\u00e8s sp\u00e9cifiques des associ\u00e9s. Certes, la pratique a imagin\u00e9 des palliatifs. Mais leur efficacit\u00e9 est limit\u00e9e et leur validit\u00e9 n&#8217;est pas toujours indiscutable. Cette situation est regrettable, car elle incite les entreprises \u00e0 constituer \u00e0 l&#8217;\u00e9tranger leurs structures de collaboration, afin d&#8217;\u00e9chapper \u00e0 une l\u00e9gislation trop contraignante. A l&#8217;heure o\u00f9 le Droit compar\u00e9 gagne en importance et les r\u00e8gles internationales du commerce penchent vers l&#8217;int\u00e9gration, il serait grand temps au Liban &#8211; pour le l\u00e9gislateur, les juristes et les praticiens &#8211; de surmonter cet handicap juridique.<\/p>\n<p>cialis medicament prix cialis medicament prix cialis medicament prixcialis prix suisse http:\/\/cialis20mgsuisse.com\/prix\/suisse cialis prix suissediscount card prescription go coupon for cialiscialis online coupon prescriptions coupons cialis manufacturer couponcialis coupons printable prescription discounts cards prescription couponscialis.com coupons site coupon prescriptioncialis coupons online mha.dk online cialis couponscoupons for prescriptions prostudiousa.com drug couponcialis sample coupon prescription savings cards coupons prescriptionsaidasol site aidastellaaugmentin duo open augmentin duo alkoholaerius go aerius dosierungkamagra super chamceul.ind.ws kamagra \u00e1ravenlafaxine bluefish venlafaxine 37.5 mg venlafaxine fkibuprofen alkohol go ibuprofenviread 245 mg viread vidal viread 245 mg prixaerius nebenwirkungen aerius dosierung aerius kaufenpaxil darkwoodsdojo.com paxillus rubicunduluscialis cvs coupon go cialisoxcarbazepin zulassung oxcarbazepin cyp oxcarbazepin high<\/p>\n","protected":false},"excerpt":{"rendered":"<p>Les \u00e9volutions du monde \u00e9conomique ont boulevers\u00e9 l\u2019organisation des entreprises. D\u00e9sormais, les dirigeants, les actionnaires, les march\u00e9s et plus largement l\u2019ensemble des acteurs \u00e9conomiques exigent des structures manag\u00e9riales plus souples, plus r\u00e9actives, plus transparentes et plus s\u00fbres.<\/p>\n","protected":false},"featured_media":10523,"comment_status":"closed","ping_status":"closed","template":"","meta":{"_acf_changed":false},"product_brand":[],"product_cat":[219],"product_tag":[],"class_list":{"0":"post-11578","1":"product","2":"type-product","3":"status-publish","4":"has-post-thumbnail","6":"product_cat-219","8":"first","9":"instock","10":"shipping-taxable","11":"purchasable","12":"product-type-simple"},"acf":[],"_links":{"self":[{"href":"https:\/\/newsader.tedmob.com\/en\/wp-json\/wp\/v2\/product\/11578","targetHints":{"allow":["GET"]}}],"collection":[{"href":"https:\/\/newsader.tedmob.com\/en\/wp-json\/wp\/v2\/product"}],"about":[{"href":"https:\/\/newsader.tedmob.com\/en\/wp-json\/wp\/v2\/types\/product"}],"replies":[{"embeddable":true,"href":"https:\/\/newsader.tedmob.com\/en\/wp-json\/wp\/v2\/comments?post=11578"}],"wp:featuredmedia":[{"embeddable":true,"href":"https:\/\/newsader.tedmob.com\/en\/wp-json\/wp\/v2\/media\/10523"}],"wp:attachment":[{"href":"https:\/\/newsader.tedmob.com\/en\/wp-json\/wp\/v2\/media?parent=11578"}],"wp:term":[{"taxonomy":"product_brand","embeddable":true,"href":"https:\/\/newsader.tedmob.com\/en\/wp-json\/wp\/v2\/product_brand?post=11578"},{"taxonomy":"product_cat","embeddable":true,"href":"https:\/\/newsader.tedmob.com\/en\/wp-json\/wp\/v2\/product_cat?post=11578"},{"taxonomy":"product_tag","embeddable":true,"href":"https:\/\/newsader.tedmob.com\/en\/wp-json\/wp\/v2\/product_tag?post=11578"}],"curies":[{"name":"wp","href":"https:\/\/api.w.org\/{rel}","templated":true}]}}