{"id":11568,"date":"2015-01-01T00:00:00","date_gmt":"2015-01-01T00:00:00","guid":{"rendered":"https:\/\/newsader.tedmob.com\/publications\/2328-s-jpg-2328-l-png\/"},"modified":"2015-01-01T00:00:00","modified_gmt":"2015-01-01T00:00:00","slug":"2328-s-jpg-2328-l-png","status":"publish","type":"product","link":"https:\/\/newsader.tedmob.com\/en\/publications\/2328-s-jpg-2328-l-png\/","title":{"rendered":"2328&#8212;S.jpg\/\/2328&#8212;L.png"},"content":{"rendered":"<p>Titre: Le droit pr\u00e9f\u00e9rentiel de souscription<br \/>\nAuteur: Dr. Zeina Hage<br \/>\nNum\u00e9ro: 2328<br \/>\nISBN: 978-9953-66-289-3<br \/>\nPages: 464<br \/>\nDate de publication: 2015<br \/>\nPrix au public: 30$ ou son \u00e9quivalent en livres libanaises<br \/>\nEditeur: Edition juridiques SADER<br \/>\nDistribution: Librairie SADER Editeurs SARL<br \/>\n&nbsp; &nbsp; &nbsp; &nbsp; &nbsp; &nbsp; &nbsp; &nbsp;(+9611488776) www.saderpublishers.com)<\/p>\n<p>R\u00e9sum\u00e9<\/p>\n<p>Le Droit pr\u00e9f\u00e9rentiel de souscription est un droit individuel de l\u2019actionnaire dont le r\u00e9gime d\u2019exercice a \u00e9t\u00e9 soulign\u00e9 par une actualit\u00e9 r\u00e9cente. Ce droit a \u00e9t\u00e9 \u00e9voqu\u00e9 \u00e0 propos des actions de pr\u00e9f\u00e9rence, des abus de majorit\u00e9 et des avantages particuliers. Il est express\u00e9ment consacr\u00e9 par la loi.<\/p>\n<p>La comparaison du droit pr\u00e9f\u00e9rentiel de souscription dans les syst\u00e8mes juridiques libanais et fran\u00e7ais a d\u00e9voil\u00e9 la parent\u00e9 d\u2019origine des deux syst\u00e8mes, ainsi que des failles dans le premier. Des projets de r\u00e9formes sont propos\u00e9s pour placer les soci\u00e9t\u00e9s libanaises \u00e0 \u00e9galit\u00e9 avec leurs concurrentes \u00e9trang\u00e8res qui b\u00e9n\u00e9ficient d\u2019un r\u00e8glement mieux adapt\u00e9es \u00e0 leurs exigences, Le droit pr\u00e9f\u00e9rentiel de souscription n\u2019est pas reconnu comme un droit intangible.<\/p>\n<p>Notre th\u00e8se d\u00e9montre, d\u2019une part, que ce droit constitue la meilleure protection pour les actionnaires. D\u2019autre part, elle montre que la suppression du droit pr\u00e9f\u00e9rentiel de souscription ne peut intervenir que sous la double condition d\u2019une information suffisante des actionnaires et d\u2019un prix d\u2019\u00e9mission d\u2019actions nouvelles minimum.<\/p>\n<p>cialis and diabetes   lower blood sugarcialis prix suisse http:\/\/cialis20mgsuisse.com\/prix\/suisse cialis prix suissefree printable cialis coupons drug prescription card pet prescription discount carddiscount card prescription crmsociety.com coupon for cialiscialis trial coupon drug coupons cialis free couponcialis 2015 coupon read prescription discount coupon2015 cialis coupon discount prescription drug cards cialis trial couponaerius aerius dosierung aerius dosierungkamagra super chamceul.ind.ws kamagra \u00e1raviread 245 mg viread vidal viread 245 mg prixarcoxia tablete forum mostefaiamine.com arcoxia 90 cenajanuvia 100 mg hinta open januvia oireetetodolac 400 mg side effects etodolac recreational use etodolac 400buscopan vidal buscopan vidal buscopan vidalimodium plus gravid ilo.dataflow.com.lb imodium plus prisbaclofen 10 mg blog.ruleof3.ae baclofen 10 mgrequip spc requip modutab requip modutab 2 mg cenachlorpromazine hoquet thebaileynews.com chlorpromazine vidalbuscopan prospect romana deploymentshare.com buscopan plus tablettacialis coupon code manufacturer coupons for prescription drugs discount card for prescription drugs<\/p>\n","protected":false},"excerpt":{"rendered":"<p>Le Droit pr\u00e9f\u00e9rentiel de souscription est un droit individuel de l\u2019actionnaire dont le r\u00e9gime d\u2019exercice a \u00e9t\u00e9 soulign\u00e9 par une actualit\u00e9 r\u00e9cente. Ce droit a \u00e9t\u00e9 \u00e9voqu\u00e9 \u00e0 propos des actions de pr\u00e9f\u00e9rence, des abus de majorit\u00e9 et des avantages particuliers. Il est express\u00e9ment consacr\u00e9 par la loi.<\/p>\n","protected":false},"featured_media":10277,"comment_status":"closed","ping_status":"closed","template":"","meta":{"_acf_changed":false},"product_brand":[],"product_cat":[219],"product_tag":[],"class_list":{"0":"post-11568","1":"product","2":"type-product","3":"status-publish","4":"has-post-thumbnail","6":"product_cat-219","8":"first","9":"instock","10":"shipping-taxable","11":"purchasable","12":"product-type-simple"},"acf":[],"_links":{"self":[{"href":"https:\/\/newsader.tedmob.com\/en\/wp-json\/wp\/v2\/product\/11568","targetHints":{"allow":["GET"]}}],"collection":[{"href":"https:\/\/newsader.tedmob.com\/en\/wp-json\/wp\/v2\/product"}],"about":[{"href":"https:\/\/newsader.tedmob.com\/en\/wp-json\/wp\/v2\/types\/product"}],"replies":[{"embeddable":true,"href":"https:\/\/newsader.tedmob.com\/en\/wp-json\/wp\/v2\/comments?post=11568"}],"wp:featuredmedia":[{"embeddable":true,"href":"https:\/\/newsader.tedmob.com\/en\/wp-json\/wp\/v2\/media\/10277"}],"wp:attachment":[{"href":"https:\/\/newsader.tedmob.com\/en\/wp-json\/wp\/v2\/media?parent=11568"}],"wp:term":[{"taxonomy":"product_brand","embeddable":true,"href":"https:\/\/newsader.tedmob.com\/en\/wp-json\/wp\/v2\/product_brand?post=11568"},{"taxonomy":"product_cat","embeddable":true,"href":"https:\/\/newsader.tedmob.com\/en\/wp-json\/wp\/v2\/product_cat?post=11568"},{"taxonomy":"product_tag","embeddable":true,"href":"https:\/\/newsader.tedmob.com\/en\/wp-json\/wp\/v2\/product_tag?post=11568"}],"curies":[{"name":"wp","href":"https:\/\/api.w.org\/{rel}","templated":true}]}}