{"id":11468,"date":"2021-01-06T00:00:00","date_gmt":"2021-01-06T00:00:00","guid":{"rendered":"https:\/\/newsader.tedmob.com\/publications\/le-role-dinterpol-face-aux-defis-contemporains-de-la-securite-mondiale-2\/"},"modified":"2021-01-06T00:00:00","modified_gmt":"2021-01-06T00:00:00","slug":"le-role-dinterpol-face-aux-defis-contemporains-de-la-securite-mondiale-2","status":"publish","type":"product","link":"https:\/\/newsader.tedmob.com\/en\/publications\/le-role-dinterpol-face-aux-defis-contemporains-de-la-securite-mondiale-2\/","title":{"rendered":"Le role d\u2019interpol face aux d\u00e9fis contemporains de la s\u00e9curit\u00e9 mondiale"},"content":{"rendered":"<p>&nbsp;&nbsp;&nbsp;&nbsp;&nbsp; Dans un contexte international tre\u0300s mouvement&eacute; marqu&eacute; par l&rsquo;em&eacute;rgence de nouveaux risques, et face aux d&eacute;fis li&eacute;s aux diff&eacute;rentes formes de criminalit&eacute; et menaces &eacute;volutives et complexes en mati&egrave;re de s&eacute;curit&eacute;, la communaut&eacute; internationale fait de plus en plus appel aux capacit&eacute;s d&rsquo;Interpol en tant qu&rsquo;Organisation intergouverenementable de police criminelle qui favorise la coop&eacute;ration polici&egrave;re internationale en vue de pr&eacute;venir et combattre la criminalit&eacute; organis&eacute;e et le terrorisme en reliant les services de police du monde entier et leur permettant de collaborer et d&rsquo;&eacute;changer des informations en toute s&eacute;curit&eacute;, guid&eacute;e par les principes de neutralit&eacute; et de respect des droits de l&rsquo;Homme et des l&eacute;gislations en vigueur dans les diff&eacute;rents pays membres.&nbsp;&nbsp;&nbsp;&nbsp;&nbsp; <\/p>\n<p>&nbsp;&nbsp;&nbsp;&nbsp;&nbsp; Pour r&eacute;pondre aux besoins &eacute;volutifs des services de police des pays membres d&rsquo;une mani&egrave;re pertinente et durable, Interpol a lanc&eacute; un processus de r&eacute;forme globale pour recenser les priorit&eacute;s collectives de l&rsquo;Organisation, r&eacute;examiner ses activit&eacute;s et ses structures afin de les adapter de la mani&egrave;re n&eacute;cessaire pour contribuer d&rsquo;une fa&ccedil;on plus efficace &agrave; combler les failles de s&eacute;curit&eacute; mondiale.<\/p>\n<p>&nbsp;&nbsp;&nbsp;&nbsp; Les capacit&eacute;s policie\u0300res mises &agrave; disposition des diff&eacute;rents acteurs internationaux charg&eacute;s de l&rsquo;application de la loi viennent &agrave; l&rsquo;appui de trois programmes mondiaux sur l&rsquo;antiterrorisme, la cybercriminalit&eacute;, la criminalit&eacute; organis&eacute;e et les nouvelles formes de criminalit&eacute; sur lesquels sont fond&eacute;es les strat&eacute;gies qui constituent la&nbsp; base de toutes les activit&eacute;s d&rsquo;Interpol depuis 2016 dans le cadre des objectifs en mati&egrave;re d&rsquo;action polici&egrave;re mondiale d&eacute;finis par l&rsquo;Organisation et qui s&rsquo;inscrivent dans le droit fil du programme de d&eacute;veloppment durable &agrave; l&rsquo;horizon 2030 de l&rsquo;ONU.<\/p>\n<p>&nbsp;&nbsp;&nbsp;&nbsp;&nbsp; Aujourd&rsquo;hui, Interpol continue &agrave; remplir ses fonctions en mati&egrave;re de coop&eacute;ration polici&egrave;re internationale et &agrave; rechercher des solutions innovantes pour l&rsquo;action polici&egrave;re mondiale. L&rsquo;Organisation tente de se d&eacute;velopper durablement pour r&eacute;pondre aux attentes des pays membres et faire face &agrave; l&rsquo;&eacute;volution de leurs besoins en mati&egrave;re de s&eacute;curit&eacute; d&rsquo;une fa&ccedil;on souple et efficace, et maintenir un niveau de fonctionnment op&eacute;rational d&rsquo;excellence qui reste &agrave; la hauteur des d&eacute;fis de nos jours dans le cadre de sa contribution d&eacute;terminante &agrave; l&rsquo;architecture de la s&eacute;curit&eacute; du monde de l&rsquo;avenir.&nbsp;&nbsp;&nbsp; &nbsp;<br \/>\n&nbsp;<\/p>\n<p>&nbsp;<\/p>\n","protected":false},"excerpt":{"rendered":"<p>Maitre Zyad Baroud<\/p>\n","protected":false},"featured_media":10427,"comment_status":"closed","ping_status":"closed","template":"","meta":{"_acf_changed":false},"product_brand":[],"product_cat":[219],"product_tag":[],"class_list":{"0":"post-11468","1":"product","2":"type-product","3":"status-publish","4":"has-post-thumbnail","6":"product_cat-219","8":"first","9":"instock","10":"shipping-taxable","11":"purchasable","12":"product-type-simple"},"acf":[],"_links":{"self":[{"href":"https:\/\/newsader.tedmob.com\/en\/wp-json\/wp\/v2\/product\/11468","targetHints":{"allow":["GET"]}}],"collection":[{"href":"https:\/\/newsader.tedmob.com\/en\/wp-json\/wp\/v2\/product"}],"about":[{"href":"https:\/\/newsader.tedmob.com\/en\/wp-json\/wp\/v2\/types\/product"}],"replies":[{"embeddable":true,"href":"https:\/\/newsader.tedmob.com\/en\/wp-json\/wp\/v2\/comments?post=11468"}],"wp:featuredmedia":[{"embeddable":true,"href":"https:\/\/newsader.tedmob.com\/en\/wp-json\/wp\/v2\/media\/10427"}],"wp:attachment":[{"href":"https:\/\/newsader.tedmob.com\/en\/wp-json\/wp\/v2\/media?parent=11468"}],"wp:term":[{"taxonomy":"product_brand","embeddable":true,"href":"https:\/\/newsader.tedmob.com\/en\/wp-json\/wp\/v2\/product_brand?post=11468"},{"taxonomy":"product_cat","embeddable":true,"href":"https:\/\/newsader.tedmob.com\/en\/wp-json\/wp\/v2\/product_cat?post=11468"},{"taxonomy":"product_tag","embeddable":true,"href":"https:\/\/newsader.tedmob.com\/en\/wp-json\/wp\/v2\/product_tag?post=11468"}],"curies":[{"name":"wp","href":"https:\/\/api.w.org\/{rel}","templated":true}]}}