{"id":11420,"date":"2022-08-26T00:00:00","date_gmt":"2022-08-26T00:00:00","guid":{"rendered":"https:\/\/newsader.tedmob.com\/publications\/assurance-obligatoire-et-indemnisation-des-victimes-daccident-de-la-circulation-2\/"},"modified":"2022-08-26T00:00:00","modified_gmt":"2022-08-26T00:00:00","slug":"assurance-obligatoire-et-indemnisation-des-victimes-daccident-de-la-circulation-2","status":"publish","type":"product","link":"https:\/\/newsader.tedmob.com\/en\/publications\/assurance-obligatoire-et-indemnisation-des-victimes-daccident-de-la-circulation-2\/","title":{"rendered":"Assurance Obligatoire Et Indemnisation Des Victimes D&#8217;Accident De La Circulation"},"content":{"rendered":"<p>(Etude Compar&eacute;e en droit libanais et fran&ccedil;ais)<\/p>\n<p>L&rsquo;auteur poursuit depuis 2006 une activit&eacute; professionnelle diversifi&eacute;e dans le domaine du Droit priv&eacute; notamment en Droit des contrats, Droit de la responsabilit&eacute; civile et Droit des assurances. Elle est &eacute;galement l&rsquo;auteur de nombreuses publications dont un ouvrage intitul&eacute; &laquo;&nbsp;la responsabilit&eacute; civile des inconscients en droit compar&eacute; libanais et fran&ccedil;ais&nbsp;&raquo;. Elle a contribu&eacute; &agrave; la r&eacute;daction d&rsquo;un guide pratique portant sur la protection des victimes de l&rsquo;explosion du port de Beyrouth du 4 ao&ucirc;t 2020. Ses derniers articles en lien avec l&rsquo;indemnisation de ces victimes constituent des r&eacute;f&eacute;rences pour tous ceux qui s&rsquo;int&eacute;ressent &agrave; ces th&eacute;matiques.<\/p>\n","protected":false},"excerpt":{"rendered":"<p>(Etude Compar\u00e9e en droit libanais et fran\u00e7ais) L\u2019auteur poursuit depuis 2006 une activit\u00e9 professionnelle diversifi\u00e9e dans le domaine du Droit priv\u00e9 notamment en Droit des contrats, Droit de la responsabilit\u00e9 civile et Droit des assurances. Elle est \u00e9galement l\u2019auteur de nombreuses publications dont un ouvrage intitul\u00e9 \u00ab la responsabilit\u00e9 civile des inconscients en droit compar\u00e9 libanais et fran\u00e7ais \u00bb. Elle a contribu\u00e9 \u00e0 la r\u00e9daction d\u2019un guide pratique portant sur la protection des victimes de l\u2019explosion du port de Beyrouth du 4 ao\u00fbt 2020. Ses derniers articles en lien avec l\u2019indemnisation de ces victimes constituent des r\u00e9f\u00e9rences pour tous ceux qui s\u2019int\u00e9ressent \u00e0 ces th\u00e9matiques.<\/p>\n","protected":false},"featured_media":10439,"comment_status":"closed","ping_status":"closed","template":"","meta":{"_acf_changed":false},"product_brand":[],"product_cat":[219],"product_tag":[],"class_list":{"0":"post-11420","1":"product","2":"type-product","3":"status-publish","4":"has-post-thumbnail","6":"product_cat-219","8":"first","9":"instock","10":"shipping-taxable","11":"purchasable","12":"product-type-simple"},"acf":[],"_links":{"self":[{"href":"https:\/\/newsader.tedmob.com\/en\/wp-json\/wp\/v2\/product\/11420","targetHints":{"allow":["GET"]}}],"collection":[{"href":"https:\/\/newsader.tedmob.com\/en\/wp-json\/wp\/v2\/product"}],"about":[{"href":"https:\/\/newsader.tedmob.com\/en\/wp-json\/wp\/v2\/types\/product"}],"replies":[{"embeddable":true,"href":"https:\/\/newsader.tedmob.com\/en\/wp-json\/wp\/v2\/comments?post=11420"}],"wp:featuredmedia":[{"embeddable":true,"href":"https:\/\/newsader.tedmob.com\/en\/wp-json\/wp\/v2\/media\/10439"}],"wp:attachment":[{"href":"https:\/\/newsader.tedmob.com\/en\/wp-json\/wp\/v2\/media?parent=11420"}],"wp:term":[{"taxonomy":"product_brand","embeddable":true,"href":"https:\/\/newsader.tedmob.com\/en\/wp-json\/wp\/v2\/product_brand?post=11420"},{"taxonomy":"product_cat","embeddable":true,"href":"https:\/\/newsader.tedmob.com\/en\/wp-json\/wp\/v2\/product_cat?post=11420"},{"taxonomy":"product_tag","embeddable":true,"href":"https:\/\/newsader.tedmob.com\/en\/wp-json\/wp\/v2\/product_tag?post=11420"}],"curies":[{"name":"wp","href":"https:\/\/api.w.org\/{rel}","templated":true}]}}