{"id":11386,"date":"2023-10-16T00:00:00","date_gmt":"2023-10-16T00:00:00","guid":{"rendered":"https:\/\/newsader.tedmob.com\/publications\/linterpretation-de-la-constitution-au-liban-pour-un-recours-direct-aupres-du-conseil-constitutionnel-2\/"},"modified":"2023-10-16T00:00:00","modified_gmt":"2023-10-16T00:00:00","slug":"linterpretation-de-la-constitution-au-liban-pour-un-recours-direct-aupres-du-conseil-constitutionnel-2","status":"publish","type":"product","link":"https:\/\/newsader.tedmob.com\/en\/publications\/linterpretation-de-la-constitution-au-liban-pour-un-recours-direct-aupres-du-conseil-constitutionnel-2\/","title":{"rendered":"L\u2019Interpr\u00e9tation de la constitution au Liban : Pour un recours direct aupr\u00e8s du conseil constitutionnel"},"content":{"rendered":"<p>La pratique constitutionnelle libanaise a bien montr&eacute; qu&rsquo;apr&egrave;s trois d&eacute;cennies &agrave; compter de la date d&rsquo;entr&eacute;e en vigueur de l&rsquo;accord de&nbsp; Ta&euml;f, pr&eacute;curseur de la III &egrave;me&nbsp; R&eacute;publique, l&rsquo;ambig&uuml;it&eacute;&nbsp; sur certains&nbsp; textes constitutionnels r&eacute;gissant&nbsp; des sujets d&rsquo;une importance majeure, notamment qui ont trait au bon fonctionnement de l&rsquo;&Eacute;tat, ont eu des cons&eacute;quences d&eacute;vastatrices sur le bon&nbsp; fonctionnement de l&rsquo;&eacute;difice &eacute;tatique Libanais, &eacute;tant donn&eacute; que le Conseil constitutionnel libanais n&rsquo;est actuellement pas habilit&eacute; &agrave; intervenir en mati&egrave;re interpr&eacute;tative&nbsp; sur recours direct des autorit&eacute;s publiques pour trancher le conflit qui &eacute;merge &agrave; l&rsquo;occasion de l&rsquo;application de la constitution, comme c&rsquo;est le cas dans une multitude de pays europ&eacute;ens et arabes. Dans toutes les soci&eacute;t&eacute;s multiconfessionnelles, les Cours constitutionnelles jouent un r&ocirc;le primordial en mati&egrave;re interpr&eacute;tative, il serait donc normal qu&rsquo;au Liban, face &agrave; ce f&eacute;d&eacute;ralisme de nature diff&eacute;rente, il est vrai, puisque c&rsquo;est un f&eacute;d&eacute;ralisme personnel, (mis en place au sein d&rsquo;un &Eacute;tat unitaire), largement enracin&eacute; dans la structure socio-politique, le Conseil joue un r&ocirc;le interpr&eacute;tatif d&eacute;velopp&eacute;. Il serait temps de trouver les m&eacute;canismes constitutionnels qui &eacute;viteront, qu&rsquo;&agrave; chaque fois que le pays sombre dans une crise politique et constitutionnelle, le Salut nous est import&eacute; par le biais d&rsquo;accords politiques extranationaux, &agrave; l&rsquo;instar de l&rsquo;accord de Doha de 2008 par exemple, qui nous a enfin permis d&rsquo;&eacute;lire un Pr&eacute;sident de la R&eacute;publique apr&egrave;s une vacance pr&eacute;sidentielle d&eacute;vastatrice.<\/p>\n","protected":false},"excerpt":{"rendered":"<p>Dans toutes les soci\u00e9t\u00e9s multiconfessionnelles, les Cours constitutionnelles jouent un r\u00f4le primordial en mati\u00e8re interpr\u00e9tative, il serait donc normal qu\u2019au Liban, face \u00e0 ce f\u00e9d\u00e9ralisme de nature diff\u00e9rente, il est vrai, puisque c\u2019est un f\u00e9d\u00e9ralisme personnel, (mis en place au sein d\u2019un \u00c9tat unitaire), largement enracin\u00e9 dans la structure socio-politique, le Conseil joue un r\u00f4le interpr\u00e9tatif d\u00e9velopp\u00e9. Il serait temps de trouver les m\u00e9canismes constitutionnels qui \u00e9viteront, qu\u2019\u00e0 chaque fois que le pays sombre dans une crise politique et constitutionnelle, le Salut nous est import\u00e9 par le biais d\u2019accords politiques extranationaux, \u00e0 l\u2019instar de l\u2019accord de Doha de 2008 par exemple, qui nous a enfin permis d\u2019\u00e9lire un Pr\u00e9sident de la R\u00e9publique apr\u00e8s une vacance pr\u00e9sidentielle d\u00e9vastatrice.<\/p>\n","protected":false},"featured_media":10451,"comment_status":"closed","ping_status":"closed","template":"","meta":{"_acf_changed":false},"product_brand":[],"product_cat":[219],"product_tag":[],"class_list":{"0":"post-11386","1":"product","2":"type-product","3":"status-publish","4":"has-post-thumbnail","6":"product_cat-219","8":"first","9":"instock","10":"shipping-taxable","11":"purchasable","12":"product-type-simple"},"acf":[],"_links":{"self":[{"href":"https:\/\/newsader.tedmob.com\/en\/wp-json\/wp\/v2\/product\/11386","targetHints":{"allow":["GET"]}}],"collection":[{"href":"https:\/\/newsader.tedmob.com\/en\/wp-json\/wp\/v2\/product"}],"about":[{"href":"https:\/\/newsader.tedmob.com\/en\/wp-json\/wp\/v2\/types\/product"}],"replies":[{"embeddable":true,"href":"https:\/\/newsader.tedmob.com\/en\/wp-json\/wp\/v2\/comments?post=11386"}],"wp:featuredmedia":[{"embeddable":true,"href":"https:\/\/newsader.tedmob.com\/en\/wp-json\/wp\/v2\/media\/10451"}],"wp:attachment":[{"href":"https:\/\/newsader.tedmob.com\/en\/wp-json\/wp\/v2\/media?parent=11386"}],"wp:term":[{"taxonomy":"product_brand","embeddable":true,"href":"https:\/\/newsader.tedmob.com\/en\/wp-json\/wp\/v2\/product_brand?post=11386"},{"taxonomy":"product_cat","embeddable":true,"href":"https:\/\/newsader.tedmob.com\/en\/wp-json\/wp\/v2\/product_cat?post=11386"},{"taxonomy":"product_tag","embeddable":true,"href":"https:\/\/newsader.tedmob.com\/en\/wp-json\/wp\/v2\/product_tag?post=11386"}],"curies":[{"name":"wp","href":"https:\/\/api.w.org\/{rel}","templated":true}]}}